{"id":408,"date":"2021-10-23T09:03:45","date_gmt":"2021-10-23T02:03:45","guid":{"rendered":"https:\/\/bachhoa.haitienco.com\/?post_type=product&#038;p=408"},"modified":"2022-02-19T18:20:37","modified_gmt":"2022-02-19T11:20:37","slug":"dung-dich-vspn-ziaja","status":"publish","type":"product","link":"https:\/\/www.haitienco.com\/bachhoa\/cua-hang\/suc-khoe\/cham-soc-suc-khoe\/dung-dich-vspn-ziaja\/","title":{"rendered":"Dung d\u1ecbch VSPN ZIAJA"},"content":{"rendered":"<p><strong>Th\u00e0nh ph\u1ea7n<\/strong><br \/>\nV\u1edbi th\u00e0nh ph\u1ea7n ch\u00ednh: d\u1ecbch chi\u1ebft th\u1ea3o d\u01b0\u1ee3c (Hoa lan chu\u00f4ng, V\u1ecf s\u1ed3i, D\u01b0a v\u00e0ng\u2026), axit lactic, Provitamin B5 (D-panthenol); Intima gi\u00fap ch\u0103m s\u00f3c nh\u1eb9 nh\u00e0ng v\u00f9ng k\u00edn, kh\u1eed s\u1ea1ch m\u00f9i h\u00f4i, mang l\u1ea1i c\u1ea3m gi\u00e1c t\u01b0\u01a1i m\u00e1t su\u1ed1t c\u1ea3 ng\u00e0y d\u00e0i.<br \/>\n<strong>C\u00f4ng d\u1ee5ng<\/strong><br \/>\n&#8211; Ch\u1ee9a men vi sinh c\u00f3 t\u00e1c d\u1ee5ng ch\u1ed1ng vi\u00eam nhi\u1ec5m.<br \/>\n&#8211; Gi\u1eef c\u00e2n b\u1eb1ng \u0111\u1ed9 pH sinh l\u00fd t\u1ef1 nhi\u00ean, \u1ed5n \u0111\u1ecbnh h\u1ec7 kh\u00e1ng khu\u1ea9n. Gi\u1ea3m t\u1ed1i \u0111a nguy c\u01a1 nhi\u1ec5m khu\u1ea9n, nhi\u1ec5m n\u1ea5m..<br \/>\n&#8211; D\u01b0\u1ee1ng \u1ea9m, l\u00e0m d\u1ecbu nh\u1eb9 m\u1ea9n ng\u1ee9a, k\u00edch \u1ee9ng v\u00e0 h\u1ebft c\u00e1c tri\u1ec7u ch\u1ee9ng m\u1ea9n \u0111\u1ecf.<br \/>\n&#8211; Kh\u00f4ng ch\u1ee9a x\u00e0 ph\u00f2ng, ph\u00f9 h\u1ee3p v\u1edbi m\u1ecdi lo\u1ea1i da, \u0111\u1eb7c bi\u1ec7t l\u00e0 v\u1edbi nh\u1eefng l\u00e0n da nh\u1ea1y c\u1ea3m, d\u1ec5 d\u1ecb \u1ee9ng.<br \/>\n&#8211; M\u00f9i h\u01b0\u01a1ng d\u1ec5 ch\u1ecbu, t\u01b0\u01a1i m\u00e1t v\u00e0 l\u01b0u l\u1ea1i l\u00e2u.<\/p>\n<div id=\"haiti-3279819706\" class=\"haiti-sau-noi-dung haiti-entity-placement\"><p><a class=\"tag-cloud-link tag-link-51 tag-link-position-1\" href=\"https:\/\/www.haitienco.com\/bachhoa\/tu-khoa-san-pham\/bo-kho-sot-vang\/\" aria-label=\"bo kho sot vang (1 s\u1ea3n ph\u1ea9m)\">bo kho sot vang<\/a> <a class=\"tag-cloud-link tag-link-89 tag-link-position-2\" href=\"https:\/\/www.haitienco.com\/bachhoa\/tu-khoa-san-pham\/bo-sung-canxi\/\" aria-label=\"bo sung canxi (3 s\u1ea3n ph\u1ea9m)\">bo sung canxi<\/a> <a class=\"tag-cloud-link tag-link-93 tag-link-position-3\" href=\"https:\/\/www.haitienco.com\/bachhoa\/tu-khoa-san-pham\/bo-sung-dich-khop\/\" aria-label=\"bo sung dich khop (1 s\u1ea3n ph\u1ea9m)\">bo sung dich khop<\/a> <a class=\"tag-cloud-link tag-link-95 tag-link-position-4\" href=\"https:\/\/www.haitienco.com\/bachhoa\/tu-khoa-san-pham\/bo-sung-suc-khoe\/\" aria-label=\"bo sung suc khoe (17 s\u1ea3n ph\u1ea9m)\">bo sung suc khoe<\/a> <a class=\"tag-cloud-link tag-link-49 tag-link-position-5\" href=\"https:\/\/www.haitienco.com\/bachhoa\/tu-khoa-san-pham\/bot-lam-banh\/\" aria-label=\"bot lam banh (1 s\u1ea3n ph\u1ea9m)\">bot lam banh<\/a> <a class=\"tag-cloud-link tag-link-50 tag-link-position-6\" href=\"https:\/\/www.haitienco.com\/bachhoa\/tu-khoa-san-pham\/bot-nang\/\" aria-label=\"bot nang (1 s\u1ea3n ph\u1ea9m)\">bot nang<\/a> <a class=\"tag-cloud-link tag-link-77 tag-link-position-7\" href=\"https:\/\/www.haitienco.com\/bachhoa\/tu-khoa-san-pham\/bang-dinh-ca-nhan\/\" aria-label=\"b\u0103ng d\u00ednh c\u00e1 nh\u00e2n (1 s\u1ea3n ph\u1ea9m)\">b\u0103ng d\u00ednh c\u00e1 nh\u00e2n<\/a> <a class=\"tag-cloud-link tag-link-90 tag-link-position-8\" href=\"https:\/\/www.haitienco.com\/bachhoa\/tu-khoa-san-pham\/caxi-nano\/\" aria-label=\"caxi nano (1 s\u1ea3n ph\u1ea9m)\">caxi nano<\/a> <a class=\"tag-cloud-link tag-link-66 tag-link-position-9\" href=\"https:\/\/www.haitienco.com\/bachhoa\/tu-khoa-san-pham\/cham-soc-suc-khoe\/\" aria-label=\"cham soc suc khoe (35 s\u1ea3n ph\u1ea9m)\">cham soc suc khoe<\/a> <a class=\"tag-cloud-link tag-link-28 tag-link-position-10\" href=\"https:\/\/www.haitienco.com\/bachhoa\/tu-khoa-san-pham\/chi-phi-re-nhat\/\" aria-label=\"chi ph\u00ed r\u1ebb nh\u1ea5t (44 s\u1ea3n ph\u1ea9m)\">chi ph\u00ed r\u1ebb nh\u1ea5t<\/a> <a class=\"tag-cloud-link tag-link-84 tag-link-position-11\" href=\"https:\/\/www.haitienco.com\/bachhoa\/tu-khoa-san-pham\/chong-mat-nuoc\/\" aria-label=\"ch\u1ed1ng m\u1ea5t n\u01b0\u1edbc (1 s\u1ea3n ph\u1ea9m)\">ch\u1ed1ng m\u1ea5t n\u01b0\u1edbc<\/a> <a class=\"tag-cloud-link tag-link-150 tag-link-position-12\" href=\"https:\/\/www.haitienco.com\/bachhoa\/tu-khoa-san-pham\/dau-goi-duoc-lieu\/\" aria-label=\"dau goi duoc lieu (2 s\u1ea3n ph\u1ea9m)\">dau goi duoc lieu<\/a> <a class=\"tag-cloud-link tag-link-72 tag-link-position-13\" href=\"https:\/\/www.haitienco.com\/bachhoa\/tu-khoa-san-pham\/den-lay-ray-tai\/\" aria-label=\"den lay ray tai (1 s\u1ea3n ph\u1ea9m)\">den lay ray tai<\/a> <a class=\"tag-cloud-link tag-link-73 tag-link-position-14\" href=\"https:\/\/www.haitienco.com\/bachhoa\/tu-khoa-san-pham\/dung-cu-hut-mui\/\" aria-label=\"dung cu hut mui (1 s\u1ea3n ph\u1ea9m)\">dung cu hut mui<\/a> <a class=\"tag-cloud-link tag-link-139 tag-link-position-15\" href=\"https:\/\/www.haitienco.com\/bachhoa\/tu-khoa-san-pham\/dung-dich-ve-sinh\/\" aria-label=\"dung dich ve sinh (4 s\u1ea3n ph\u1ea9m)\">dung dich ve sinh<\/a> <a class=\"tag-cloud-link tag-link-74 tag-link-position-16\" href=\"https:\/\/www.haitienco.com\/bachhoa\/tu-khoa-san-pham\/dung-cu-hut-sua-cam-tay\/\" aria-label=\"d\u1ee5ng c\u1ee5 h\u00fat s\u1eefa c\u1ea7m tay (1 s\u1ea3n ph\u1ea9m)\">d\u1ee5ng c\u1ee5 h\u00fat s\u1eefa c\u1ea7m tay<\/a> <a class=\"tag-cloud-link tag-link-94 tag-link-position-17\" href=\"https:\/\/www.haitienco.com\/bachhoa\/tu-khoa-san-pham\/giai-doc-gan\/\" aria-label=\"giai doc gan (1 s\u1ea3n ph\u1ea9m)\">giai doc gan<\/a> <a class=\"tag-cloud-link tag-link-81 tag-link-position-18\" href=\"https:\/\/www.haitienco.com\/bachhoa\/tu-khoa-san-pham\/giai-doc-ruou\/\" aria-label=\"giai doc ruou (1 s\u1ea3n ph\u1ea9m)\">giai doc ruou<\/a> <a class=\"tag-cloud-link tag-link-38 tag-link-position-19\" href=\"https:\/\/www.haitienco.com\/bachhoa\/tu-khoa-san-pham\/gia-vi\/\" aria-label=\"gia vi (3 s\u1ea3n ph\u1ea9m)\">gia vi<\/a> <a class=\"tag-cloud-link tag-link-100 tag-link-position-20\" href=\"https:\/\/www.haitienco.com\/bachhoa\/tu-khoa-san-pham\/glucosamin\/\" aria-label=\"glucosamin (1 s\u1ea3n ph\u1ea9m)\">glucosamin<\/a> <a class=\"tag-cloud-link tag-link-70 tag-link-position-21\" href=\"https:\/\/www.haitienco.com\/bachhoa\/tu-khoa-san-pham\/ho-khan\/\" aria-label=\"ho khan (1 s\u1ea3n ph\u1ea9m)\">ho khan<\/a> <a class=\"tag-cloud-link tag-link-69 tag-link-position-22\" href=\"https:\/\/www.haitienco.com\/bachhoa\/tu-khoa-san-pham\/ho-lanh\/\" aria-label=\"ho l\u1ea1nh (1 s\u1ea3n ph\u1ea9m)\">ho l\u1ea1nh<\/a> <a class=\"tag-cloud-link tag-link-25 tag-link-position-23\" href=\"https:\/\/www.haitienco.com\/bachhoa\/tu-khoa-san-pham\/hanh-kho\/\" aria-label=\"h\u00e0nh kh\u00f4 (1 s\u1ea3n ph\u1ea9m)\">h\u00e0nh kh\u00f4<\/a> <a class=\"tag-cloud-link tag-link-27 tag-link-position-24\" href=\"https:\/\/www.haitienco.com\/bachhoa\/tu-khoa-san-pham\/hanh-toi-tot-nhat\/\" aria-label=\"h\u00e0nh t\u1ecfi t\u1ed1t nh\u1ea5t (1 s\u1ea3n ph\u1ea9m)\">h\u00e0nh t\u1ecfi t\u1ed1t nh\u1ea5t<\/a> <a class=\"tag-cloud-link tag-link-159 tag-link-position-25\" href=\"https:\/\/www.haitienco.com\/bachhoa\/tu-khoa-san-pham\/khau-trang-khang-khuan\/\" aria-label=\"khau trang khang khuan (2 s\u1ea3n ph\u1ea9m)\">khau trang khang khuan<\/a> <a class=\"tag-cloud-link tag-link-158 tag-link-position-26\" href=\"https:\/\/www.haitienco.com\/bachhoa\/tu-khoa-san-pham\/khau-trang-y-te\/\" aria-label=\"khau trang y te (2 s\u1ea3n ph\u1ea9m)\">khau trang y te<\/a> <a class=\"tag-cloud-link tag-link-26 tag-link-position-27\" href=\"https:\/\/www.haitienco.com\/bachhoa\/tu-khoa-san-pham\/kinh-mon-hai-duong\/\" aria-label=\"kinh m\u00f4n h\u1ea3i d\u01b0\u01a1ng (1 s\u1ea3n ph\u1ea9m)\">kinh m\u00f4n h\u1ea3i d\u01b0\u01a1ng<\/a> <a class=\"tag-cloud-link tag-link-71 tag-link-position-28\" href=\"https:\/\/www.haitienco.com\/bachhoa\/tu-khoa-san-pham\/lay-ray-tai\/\" aria-label=\"lay ray tai (1 s\u1ea3n ph\u1ea9m)\">lay ray tai<\/a> <a class=\"tag-cloud-link tag-link-78 tag-link-position-29\" href=\"https:\/\/www.haitienco.com\/bachhoa\/tu-khoa-san-pham\/mieng-dan-urgo\/\" aria-label=\"mi\u1ebfng d\u00e1n Urgo (1 s\u1ea3n ph\u1ea9m)\">mi\u1ebfng d\u00e1n Urgo<\/a> <a class=\"tag-cloud-link tag-link-68 tag-link-position-30\" href=\"https:\/\/www.haitienco.com\/bachhoa\/tu-khoa-san-pham\/mat-phoi\/\" aria-label=\"m\u00e1t ph\u1ed5i (1 s\u1ea3n ph\u1ea9m)\">m\u00e1t ph\u1ed5i<\/a> <a class=\"tag-cloud-link tag-link-36 tag-link-position-31\" href=\"https:\/\/www.haitienco.com\/bachhoa\/tu-khoa-san-pham\/nong-san-que\/\" aria-label=\"nong san que (1 s\u1ea3n ph\u1ea9m)\">nong san que<\/a> <a class=\"tag-cloud-link tag-link-83 tag-link-position-32\" href=\"https:\/\/www.haitienco.com\/bachhoa\/tu-khoa-san-pham\/nuoc-bu-dien-giai\/\" aria-label=\"nuoc bu dien giai (1 s\u1ea3n ph\u1ea9m)\">nuoc bu dien giai<\/a> <a class=\"tag-cloud-link tag-link-153 tag-link-position-33\" href=\"https:\/\/www.haitienco.com\/bachhoa\/tu-khoa-san-pham\/nuoc-suc-mieng\/\" aria-label=\"nuoc suc mieng (2 s\u1ea3n ph\u1ea9m)\">nuoc suc mieng<\/a> <a class=\"tag-cloud-link tag-link-189 tag-link-position-34\" href=\"https:\/\/www.haitienco.com\/bachhoa\/tu-khoa-san-pham\/pinggo\/\" aria-label=\"pinggo (2 s\u1ea3n ph\u1ea9m)\">pinggo<\/a> <a class=\"tag-cloud-link tag-link-116 tag-link-position-35\" href=\"https:\/\/www.haitienco.com\/bachhoa\/tu-khoa-san-pham\/que-thu-thai\/\" aria-label=\"que thu thai (2 s\u1ea3n ph\u1ea9m)\">que thu thai<\/a> <a class=\"tag-cloud-link tag-link-79 tag-link-position-36\" href=\"https:\/\/www.haitienco.com\/bachhoa\/tu-khoa-san-pham\/sua-tam-tay-thi\/\" aria-label=\"sua tam tay thi (1 s\u1ea3n ph\u1ea9m)\">sua tam tay thi<\/a> <a class=\"tag-cloud-link tag-link-40 tag-link-position-37\" href=\"https:\/\/www.haitienco.com\/bachhoa\/tu-khoa-san-pham\/suong-sao-thao-moc\/\" aria-label=\"suong sao thao moc (1 s\u1ea3n ph\u1ea9m)\">suong sao thao moc<\/a> <a class=\"tag-cloud-link tag-link-96 tag-link-position-38\" href=\"https:\/\/www.haitienco.com\/bachhoa\/tu-khoa-san-pham\/tang-noi-tiet-to-nu\/\" aria-label=\"tang noi tiet to nu (1 s\u1ea3n ph\u1ea9m)\">tang noi tiet to nu<\/a> <a class=\"tag-cloud-link tag-link-98 tag-link-position-39\" href=\"https:\/\/www.haitienco.com\/bachhoa\/tu-khoa-san-pham\/tang-suc-de-khang\/\" aria-label=\"tang suc de khang (21 s\u1ea3n ph\u1ea9m)\">tang suc de khang<\/a> <a class=\"tag-cloud-link tag-link-151 tag-link-position-40\" href=\"https:\/\/www.haitienco.com\/bachhoa\/tu-khoa-san-pham\/thai-duong\/\" aria-label=\"thai duong (3 s\u1ea3n ph\u1ea9m)\">thai duong<\/a> <a class=\"tag-cloud-link tag-link-102 tag-link-position-41\" href=\"https:\/\/www.haitienco.com\/bachhoa\/tu-khoa-san-pham\/thanh-nhiet-mat-gan\/\" aria-label=\"thanh nhiet mat gan (4 s\u1ea3n ph\u1ea9m)\">thanh nhiet mat gan<\/a> <a class=\"tag-cloud-link tag-link-101 tag-link-position-42\" href=\"https:\/\/www.haitienco.com\/bachhoa\/tu-khoa-san-pham\/tieu-doc\/\" aria-label=\"tieu doc (6 s\u1ea3n ph\u1ea9m)\">tieu doc<\/a> <a class=\"tag-cloud-link tag-link-67 tag-link-position-43\" href=\"https:\/\/www.haitienco.com\/bachhoa\/tu-khoa-san-pham\/vat-tu-y-te\/\" aria-label=\"vat tu y te (28 s\u1ea3n ph\u1ea9m)\">vat tu y te<\/a> <a class=\"tag-cloud-link tag-link-92 tag-link-position-44\" href=\"https:\/\/www.haitienco.com\/bachhoa\/tu-khoa-san-pham\/visglutin-dc\/\" aria-label=\"visglutin dc (1 s\u1ea3n ph\u1ea9m)\">visglutin dc<\/a> <a class=\"tag-cloud-link tag-link-97 tag-link-position-45\" href=\"https:\/\/www.haitienco.com\/bachhoa\/tu-khoa-san-pham\/vitamin-e\/\" aria-label=\"vitamin e (1 s\u1ea3n ph\u1ea9m)\">vitamin e<\/a><\/p>\n<\/div>","protected":false},"excerpt":{"rendered":"<p>Gi\u1eef c\u00e2n b\u1eb1ng \u0111\u1ed9 pH sinh l\u00fd t\u1ef1 nhi\u00ean, \u1ed5n \u0111\u1ecbnh h\u1ec7 kh\u00e1ng khu\u1ea9n. Gi\u1ea3m t\u1ed1i \u0111a nguy c\u01a1 nhi\u1ec5m khu\u1ea9n, nhi\u1ec5m n\u1ea5m..<\/p>\n","protected":false},"featured_media":409,"comment_status":"open","ping_status":"closed","template":"","meta":{"jetpack_post_was_ever_published":false,"jetpack_publicize_message":"","jetpack_publicize_feature_enabled":true,"jetpack_social_post_already_shared":true,"jetpack_social_options":{"image_generator_settings":{"template":"highway","default_image_id":0,"font":"","enabled":false},"version":2}},"product_brand":[],"product_cat":[62,60],"product_tag":[95,66,28,139,67],"class_list":{"0":"post-408","1":"product","2":"type-product","3":"status-publish","4":"has-post-thumbnail","6":"product_cat-cham-soc-suc-khoe","7":"product_cat-suc-khoe","8":"product_tag-bo-sung-suc-khoe","9":"product_tag-cham-soc-suc-khoe","10":"product_tag-chi-phi-re-nhat","11":"product_tag-dung-dich-ve-sinh","12":"product_tag-vat-tu-y-te","13":"pa_khoi-luong-dong-goi-200ml","14":"pa_mau-sac-hoac-huong-vi-vang","16":"first","17":"instock","18":"sale","19":"shipping-taxable","20":"purchasable","21":"product-type-simple"},"yoast_head":"<!-- This site is optimized with the Yoast SEO plugin v27.4 - https:\/\/yoast.com\/product\/yoast-seo-wordpress\/ -->\n<title>Dung d\u1ecbch VSPN ZIAJA - B\u00e1ch h\u00f3a H\u1ea3i Ti\u1ebfn<\/title>\n<meta name=\"description\" content=\"B\u00e1ch h\u00f3a H\u1ea3i Ti\u1ebfn Dung d\u1ecbch VSPN ZIAJA - , bach hoa tin nghia, b\u00e1ch h\u00f3a t\u00edn ngh\u0129a, nong san nha que, do que, \u0111\u1ed3 qu\u00ea, hai san, h\u1ea3i s\u1ea3n, di cho ho, \u0111i ch\u1ee3 h\u1ed9, cho mua covid, ch\u1ee3 m\u00f9a covid, ch\u1ee3 online\" \/>\n<meta name=\"robots\" content=\"index, follow, max-snippet:-1, max-image-preview:large, max-video-preview:-1\" \/>\n<link rel=\"canonical\" href=\"https:\/\/www.haitienco.com\/bachhoa\/cua-hang\/suc-khoe\/cham-soc-suc-khoe\/dung-dich-vspn-ziaja\/\" \/>\n<meta property=\"og:locale\" content=\"vi_VN\" \/>\n<meta property=\"og:type\" content=\"article\" \/>\n<meta property=\"og:title\" content=\"Dung d\u1ecbch VSPN ZIAJA - B\u00e1ch h\u00f3a H\u1ea3i Ti\u1ebfn\" \/>\n<meta property=\"og:description\" content=\"B\u00e1ch h\u00f3a H\u1ea3i Ti\u1ebfn Dung d\u1ecbch VSPN ZIAJA - , bach hoa tin nghia, b\u00e1ch h\u00f3a t\u00edn ngh\u0129a, nong san nha que, do que, \u0111\u1ed3 qu\u00ea, hai san, h\u1ea3i s\u1ea3n, di cho ho, \u0111i ch\u1ee3 h\u1ed9, cho mua covid, ch\u1ee3 m\u00f9a covid, ch\u1ee3 online\" \/>\n<meta property=\"og:url\" content=\"https:\/\/www.haitienco.com\/bachhoa\/cua-hang\/suc-khoe\/cham-soc-suc-khoe\/dung-dich-vspn-ziaja\/\" \/>\n<meta property=\"og:site_name\" content=\"B\u00e1ch h\u00f3a H\u1ea3i Ti\u1ebfn\" \/>\n<meta property=\"article:publisher\" content=\"https:\/\/www.facebook.com\/dntinnghia\/\" \/>\n<meta property=\"article:modified_time\" content=\"2022-02-19T11:20:37+00:00\" \/>\n<meta property=\"og:image\" content=\"https:\/\/www.haitienco.com\/bachhoa\/wp-content\/uploads\/sites\/3\/2021\/10\/ziaja-1.jpg\" \/>\n\t<meta property=\"og:image:width\" content=\"400\" \/>\n\t<meta property=\"og:image:height\" content=\"400\" \/>\n\t<meta property=\"og:image:type\" content=\"image\/jpeg\" \/>\n<meta name=\"twitter:card\" content=\"summary_large_image\" \/>\n<meta name=\"twitter:label1\" content=\"\u01af\u1edbc t\u00ednh th\u1eddi gian \u0111\u1ecdc\" \/>\n\t<meta name=\"twitter:data1\" content=\"1 ph\u00fat\" \/>\n<script type=\"application\/ld+json\" class=\"yoast-schema-graph\">{\"@context\":\"https:\\\/\\\/schema.org\",\"@graph\":[{\"@type\":\"WebPage\",\"@id\":\"https:\\\/\\\/www.haitienco.com\\\/bachhoa\\\/cua-hang\\\/suc-khoe\\\/cham-soc-suc-khoe\\\/dung-dich-vspn-ziaja\\\/\",\"url\":\"https:\\\/\\\/www.haitienco.com\\\/bachhoa\\\/cua-hang\\\/suc-khoe\\\/cham-soc-suc-khoe\\\/dung-dich-vspn-ziaja\\\/\",\"name\":\"Dung d\u1ecbch VSPN ZIAJA - B\u00e1ch h\u00f3a H\u1ea3i Ti\u1ebfn\",\"isPartOf\":{\"@id\":\"https:\\\/\\\/www.haitienco.com\\\/bachhoa\\\/#website\"},\"primaryImageOfPage\":{\"@id\":\"https:\\\/\\\/www.haitienco.com\\\/bachhoa\\\/cua-hang\\\/suc-khoe\\\/cham-soc-suc-khoe\\\/dung-dich-vspn-ziaja\\\/#primaryimage\"},\"image\":{\"@id\":\"https:\\\/\\\/www.haitienco.com\\\/bachhoa\\\/cua-hang\\\/suc-khoe\\\/cham-soc-suc-khoe\\\/dung-dich-vspn-ziaja\\\/#primaryimage\"},\"thumbnailUrl\":\"https:\\\/\\\/i0.wp.com\\\/www.haitienco.com\\\/bachhoa\\\/wp-content\\\/uploads\\\/sites\\\/3\\\/2021\\\/10\\\/ziaja-1.jpg?fit=400%2C400&ssl=1\",\"datePublished\":\"2021-10-23T02:03:45+00:00\",\"dateModified\":\"2022-02-19T11:20:37+00:00\",\"description\":\"B\u00e1ch h\u00f3a H\u1ea3i Ti\u1ebfn Dung d\u1ecbch VSPN ZIAJA - , bach hoa tin nghia, b\u00e1ch h\u00f3a t\u00edn ngh\u0129a, nong san nha que, do que, \u0111\u1ed3 qu\u00ea, hai san, h\u1ea3i s\u1ea3n, di cho ho, \u0111i ch\u1ee3 h\u1ed9, cho mua covid, ch\u1ee3 m\u00f9a covid, ch\u1ee3 online\",\"breadcrumb\":{\"@id\":\"https:\\\/\\\/www.haitienco.com\\\/bachhoa\\\/cua-hang\\\/suc-khoe\\\/cham-soc-suc-khoe\\\/dung-dich-vspn-ziaja\\\/#breadcrumb\"},\"inLanguage\":\"vi\",\"potentialAction\":[{\"@type\":\"ReadAction\",\"target\":[\"https:\\\/\\\/www.haitienco.com\\\/bachhoa\\\/cua-hang\\\/suc-khoe\\\/cham-soc-suc-khoe\\\/dung-dich-vspn-ziaja\\\/\"]}]},{\"@type\":\"ImageObject\",\"inLanguage\":\"vi\",\"@id\":\"https:\\\/\\\/www.haitienco.com\\\/bachhoa\\\/cua-hang\\\/suc-khoe\\\/cham-soc-suc-khoe\\\/dung-dich-vspn-ziaja\\\/#primaryimage\",\"url\":\"https:\\\/\\\/i0.wp.com\\\/www.haitienco.com\\\/bachhoa\\\/wp-content\\\/uploads\\\/sites\\\/3\\\/2021\\\/10\\\/ziaja-1.jpg?fit=400%2C400&ssl=1\",\"contentUrl\":\"https:\\\/\\\/i0.wp.com\\\/www.haitienco.com\\\/bachhoa\\\/wp-content\\\/uploads\\\/sites\\\/3\\\/2021\\\/10\\\/ziaja-1.jpg?fit=400%2C400&ssl=1\",\"width\":400,\"height\":400},{\"@type\":\"BreadcrumbList\",\"@id\":\"https:\\\/\\\/www.haitienco.com\\\/bachhoa\\\/cua-hang\\\/suc-khoe\\\/cham-soc-suc-khoe\\\/dung-dich-vspn-ziaja\\\/#breadcrumb\",\"itemListElement\":[{\"@type\":\"ListItem\",\"position\":1,\"name\":\"Trang ch\u1ee7\",\"item\":\"https:\\\/\\\/www.haitienco.com\\\/bachhoa\\\/\"},{\"@type\":\"ListItem\",\"position\":2,\"name\":\"B\u00e1ch h\u00f3a T\u00edn Ngh\u0129a\",\"item\":\"https:\\\/\\\/www.haitienco.com\\\/bachhoa\\\/\"},{\"@type\":\"ListItem\",\"position\":3,\"name\":\"S\u1ee9c kh\u1ecfe\",\"item\":\"https:\\\/\\\/www.haitienco.com\\\/bachhoa\\\/danh-muc-san-pham\\\/suc-khoe\\\/\"},{\"@type\":\"ListItem\",\"position\":4,\"name\":\"Ch\u0103m s\u00f3c s\u1ee9c kh\u1ecfe\",\"item\":\"https:\\\/\\\/www.haitienco.com\\\/bachhoa\\\/danh-muc-san-pham\\\/suc-khoe\\\/cham-soc-suc-khoe\\\/\"},{\"@type\":\"ListItem\",\"position\":5,\"name\":\"Dung d\u1ecbch VSPN ZIAJA\"}]},{\"@type\":\"WebSite\",\"@id\":\"https:\\\/\\\/www.haitienco.com\\\/bachhoa\\\/#website\",\"url\":\"https:\\\/\\\/www.haitienco.com\\\/bachhoa\\\/\",\"name\":\"B\u00e1ch h\u00f3a H\u1ea3i Ti\u1ebfn\",\"description\":\"Ph\u1ee5c v\u1ee5 m\u1ecdi nhu c\u1ea7u c\u1ee7a b\u1ea1n, b\u00e1n l\u1ebb r\u1ebb nh\u01b0 b\u00e1n bu\u00f4n\",\"publisher\":{\"@id\":\"https:\\\/\\\/www.haitienco.com\\\/bachhoa\\\/#organization\"},\"potentialAction\":[{\"@type\":\"SearchAction\",\"target\":{\"@type\":\"EntryPoint\",\"urlTemplate\":\"https:\\\/\\\/www.haitienco.com\\\/bachhoa\\\/?s={search_term_string}\"},\"query-input\":{\"@type\":\"PropertyValueSpecification\",\"valueRequired\":true,\"valueName\":\"search_term_string\"}}],\"inLanguage\":\"vi\"},{\"@type\":\"Organization\",\"@id\":\"https:\\\/\\\/www.haitienco.com\\\/bachhoa\\\/#organization\",\"name\":\"TINNGHIACO\",\"url\":\"https:\\\/\\\/www.haitienco.com\\\/bachhoa\\\/\",\"logo\":{\"@type\":\"ImageObject\",\"inLanguage\":\"vi\",\"@id\":\"https:\\\/\\\/www.haitienco.com\\\/bachhoa\\\/#\\\/schema\\\/logo\\\/image\\\/\",\"url\":\"https:\\\/\\\/bachhoa.haitienco.com\\\/wp-content\\\/uploads\\\/sites\\\/3\\\/2021\\\/09\\\/545x512.jpg\",\"contentUrl\":\"https:\\\/\\\/bachhoa.haitienco.com\\\/wp-content\\\/uploads\\\/sites\\\/3\\\/2021\\\/09\\\/545x512.jpg\",\"width\":545,\"height\":512,\"caption\":\"TINNGHIACO\"},\"image\":{\"@id\":\"https:\\\/\\\/www.haitienco.com\\\/bachhoa\\\/#\\\/schema\\\/logo\\\/image\\\/\"},\"sameAs\":[\"https:\\\/\\\/www.facebook.com\\\/dntinnghia\\\/\",\"https:\\\/\\\/www.youtube.com\\\/channel\\\/UCFoiED6OJc-Q9k0rrI9ly5g\"]}]}<\/script>\n<!-- \/ Yoast SEO plugin. -->","yoast_head_json":{"title":"Dung d\u1ecbch VSPN ZIAJA - B\u00e1ch h\u00f3a H\u1ea3i Ti\u1ebfn","description":"B\u00e1ch h\u00f3a H\u1ea3i Ti\u1ebfn Dung d\u1ecbch VSPN ZIAJA - , bach hoa tin nghia, b\u00e1ch h\u00f3a t\u00edn ngh\u0129a, nong san nha que, do que, \u0111\u1ed3 qu\u00ea, hai san, h\u1ea3i s\u1ea3n, di cho ho, \u0111i ch\u1ee3 h\u1ed9, cho mua covid, ch\u1ee3 m\u00f9a covid, ch\u1ee3 online","robots":{"index":"index","follow":"follow","max-snippet":"max-snippet:-1","max-image-preview":"max-image-preview:large","max-video-preview":"max-video-preview:-1"},"canonical":"https:\/\/www.haitienco.com\/bachhoa\/cua-hang\/suc-khoe\/cham-soc-suc-khoe\/dung-dich-vspn-ziaja\/","og_locale":"vi_VN","og_type":"article","og_title":"Dung d\u1ecbch VSPN ZIAJA - B\u00e1ch h\u00f3a H\u1ea3i Ti\u1ebfn","og_description":"B\u00e1ch h\u00f3a H\u1ea3i Ti\u1ebfn Dung d\u1ecbch VSPN ZIAJA - , bach hoa tin nghia, b\u00e1ch h\u00f3a t\u00edn ngh\u0129a, nong san nha que, do que, \u0111\u1ed3 qu\u00ea, hai san, h\u1ea3i s\u1ea3n, di cho ho, \u0111i ch\u1ee3 h\u1ed9, cho mua covid, ch\u1ee3 m\u00f9a covid, ch\u1ee3 online","og_url":"https:\/\/www.haitienco.com\/bachhoa\/cua-hang\/suc-khoe\/cham-soc-suc-khoe\/dung-dich-vspn-ziaja\/","og_site_name":"B\u00e1ch h\u00f3a H\u1ea3i Ti\u1ebfn","article_publisher":"https:\/\/www.facebook.com\/dntinnghia\/","article_modified_time":"2022-02-19T11:20:37+00:00","og_image":[{"width":400,"height":400,"url":"https:\/\/www.haitienco.com\/bachhoa\/wp-content\/uploads\/sites\/3\/2021\/10\/ziaja-1.jpg","type":"image\/jpeg"}],"twitter_card":"summary_large_image","twitter_misc":{"\u01af\u1edbc t\u00ednh th\u1eddi gian \u0111\u1ecdc":"1 ph\u00fat"},"schema":{"@context":"https:\/\/schema.org","@graph":[{"@type":"WebPage","@id":"https:\/\/www.haitienco.com\/bachhoa\/cua-hang\/suc-khoe\/cham-soc-suc-khoe\/dung-dich-vspn-ziaja\/","url":"https:\/\/www.haitienco.com\/bachhoa\/cua-hang\/suc-khoe\/cham-soc-suc-khoe\/dung-dich-vspn-ziaja\/","name":"Dung d\u1ecbch VSPN ZIAJA - B\u00e1ch h\u00f3a H\u1ea3i Ti\u1ebfn","isPartOf":{"@id":"https:\/\/www.haitienco.com\/bachhoa\/#website"},"primaryImageOfPage":{"@id":"https:\/\/www.haitienco.com\/bachhoa\/cua-hang\/suc-khoe\/cham-soc-suc-khoe\/dung-dich-vspn-ziaja\/#primaryimage"},"image":{"@id":"https:\/\/www.haitienco.com\/bachhoa\/cua-hang\/suc-khoe\/cham-soc-suc-khoe\/dung-dich-vspn-ziaja\/#primaryimage"},"thumbnailUrl":"https:\/\/i0.wp.com\/www.haitienco.com\/bachhoa\/wp-content\/uploads\/sites\/3\/2021\/10\/ziaja-1.jpg?fit=400%2C400&ssl=1","datePublished":"2021-10-23T02:03:45+00:00","dateModified":"2022-02-19T11:20:37+00:00","description":"B\u00e1ch h\u00f3a H\u1ea3i Ti\u1ebfn Dung d\u1ecbch VSPN ZIAJA - , bach hoa tin nghia, b\u00e1ch h\u00f3a t\u00edn ngh\u0129a, nong san nha que, do que, \u0111\u1ed3 qu\u00ea, hai san, h\u1ea3i s\u1ea3n, di cho ho, \u0111i ch\u1ee3 h\u1ed9, cho mua covid, ch\u1ee3 m\u00f9a covid, ch\u1ee3 online","breadcrumb":{"@id":"https:\/\/www.haitienco.com\/bachhoa\/cua-hang\/suc-khoe\/cham-soc-suc-khoe\/dung-dich-vspn-ziaja\/#breadcrumb"},"inLanguage":"vi","potentialAction":[{"@type":"ReadAction","target":["https:\/\/www.haitienco.com\/bachhoa\/cua-hang\/suc-khoe\/cham-soc-suc-khoe\/dung-dich-vspn-ziaja\/"]}]},{"@type":"ImageObject","inLanguage":"vi","@id":"https:\/\/www.haitienco.com\/bachhoa\/cua-hang\/suc-khoe\/cham-soc-suc-khoe\/dung-dich-vspn-ziaja\/#primaryimage","url":"https:\/\/i0.wp.com\/www.haitienco.com\/bachhoa\/wp-content\/uploads\/sites\/3\/2021\/10\/ziaja-1.jpg?fit=400%2C400&ssl=1","contentUrl":"https:\/\/i0.wp.com\/www.haitienco.com\/bachhoa\/wp-content\/uploads\/sites\/3\/2021\/10\/ziaja-1.jpg?fit=400%2C400&ssl=1","width":400,"height":400},{"@type":"BreadcrumbList","@id":"https:\/\/www.haitienco.com\/bachhoa\/cua-hang\/suc-khoe\/cham-soc-suc-khoe\/dung-dich-vspn-ziaja\/#breadcrumb","itemListElement":[{"@type":"ListItem","position":1,"name":"Trang ch\u1ee7","item":"https:\/\/www.haitienco.com\/bachhoa\/"},{"@type":"ListItem","position":2,"name":"B\u00e1ch h\u00f3a T\u00edn Ngh\u0129a","item":"https:\/\/www.haitienco.com\/bachhoa\/"},{"@type":"ListItem","position":3,"name":"S\u1ee9c kh\u1ecfe","item":"https:\/\/www.haitienco.com\/bachhoa\/danh-muc-san-pham\/suc-khoe\/"},{"@type":"ListItem","position":4,"name":"Ch\u0103m s\u00f3c s\u1ee9c kh\u1ecfe","item":"https:\/\/www.haitienco.com\/bachhoa\/danh-muc-san-pham\/suc-khoe\/cham-soc-suc-khoe\/"},{"@type":"ListItem","position":5,"name":"Dung d\u1ecbch VSPN ZIAJA"}]},{"@type":"WebSite","@id":"https:\/\/www.haitienco.com\/bachhoa\/#website","url":"https:\/\/www.haitienco.com\/bachhoa\/","name":"B\u00e1ch h\u00f3a H\u1ea3i Ti\u1ebfn","description":"Ph\u1ee5c v\u1ee5 m\u1ecdi nhu c\u1ea7u c\u1ee7a b\u1ea1n, b\u00e1n l\u1ebb r\u1ebb nh\u01b0 b\u00e1n bu\u00f4n","publisher":{"@id":"https:\/\/www.haitienco.com\/bachhoa\/#organization"},"potentialAction":[{"@type":"SearchAction","target":{"@type":"EntryPoint","urlTemplate":"https:\/\/www.haitienco.com\/bachhoa\/?s={search_term_string}"},"query-input":{"@type":"PropertyValueSpecification","valueRequired":true,"valueName":"search_term_string"}}],"inLanguage":"vi"},{"@type":"Organization","@id":"https:\/\/www.haitienco.com\/bachhoa\/#organization","name":"TINNGHIACO","url":"https:\/\/www.haitienco.com\/bachhoa\/","logo":{"@type":"ImageObject","inLanguage":"vi","@id":"https:\/\/www.haitienco.com\/bachhoa\/#\/schema\/logo\/image\/","url":"https:\/\/bachhoa.haitienco.com\/wp-content\/uploads\/sites\/3\/2021\/09\/545x512.jpg","contentUrl":"https:\/\/bachhoa.haitienco.com\/wp-content\/uploads\/sites\/3\/2021\/09\/545x512.jpg","width":545,"height":512,"caption":"TINNGHIACO"},"image":{"@id":"https:\/\/www.haitienco.com\/bachhoa\/#\/schema\/logo\/image\/"},"sameAs":["https:\/\/www.facebook.com\/dntinnghia\/","https:\/\/www.youtube.com\/channel\/UCFoiED6OJc-Q9k0rrI9ly5g"]}]}},"jetpack_publicize_connections":[],"jetpack_sharing_enabled":true,"jetpack_likes_enabled":true,"_links":{"self":[{"href":"https:\/\/www.haitienco.com\/bachhoa\/wp-json\/wp\/v2\/product\/408","targetHints":{"allow":["GET"]}}],"collection":[{"href":"https:\/\/www.haitienco.com\/bachhoa\/wp-json\/wp\/v2\/product"}],"about":[{"href":"https:\/\/www.haitienco.com\/bachhoa\/wp-json\/wp\/v2\/types\/product"}],"replies":[{"embeddable":true,"href":"https:\/\/www.haitienco.com\/bachhoa\/wp-json\/wp\/v2\/comments?post=408"}],"wp:featuredmedia":[{"embeddable":true,"href":"https:\/\/www.haitienco.com\/bachhoa\/wp-json\/wp\/v2\/media\/409"}],"wp:attachment":[{"href":"https:\/\/www.haitienco.com\/bachhoa\/wp-json\/wp\/v2\/media?parent=408"}],"wp:term":[{"taxonomy":"product_brand","embeddable":true,"href":"https:\/\/www.haitienco.com\/bachhoa\/wp-json\/wp\/v2\/product_brand?post=408"},{"taxonomy":"product_cat","embeddable":true,"href":"https:\/\/www.haitienco.com\/bachhoa\/wp-json\/wp\/v2\/product_cat?post=408"},{"taxonomy":"product_tag","embeddable":true,"href":"https:\/\/www.haitienco.com\/bachhoa\/wp-json\/wp\/v2\/product_tag?post=408"}],"curies":[{"name":"wp","href":"https:\/\/api.w.org\/{rel}","templated":true}]}}