{"id":393,"date":"2021-10-20T22:04:57","date_gmt":"2021-10-20T15:04:57","guid":{"rendered":"https:\/\/bachhoa.haitienco.com\/?post_type=product&#038;p=393"},"modified":"2022-02-19T18:21:34","modified_gmt":"2022-02-19T11:21:34","slug":"hanh-phi-san","status":"publish","type":"product","link":"https:\/\/www.haitienco.com\/bachhoa\/cua-hang\/bach-hoa-tong-hop-online\/nguyen-lieu-nau-an\/hanh-phi-san\/","title":{"rendered":"H\u00e0nh phi s\u1eb5n"},"content":{"rendered":"<p>H\u00c0NH PHI S\u1eb4N<br \/>\nCho m\u00f3n \u0103n th\u00eam th\u01a1m ngon h\u1ea5p d\u1eabn<br \/>\nH\u00e0nh phi l\u00e0 m\u1ed9t trong nh\u1eefng lo\u1ea1i gia v\u1ecb dinh d\u01b0\u1ee1ng trong th\u00e0nh ph\u1ea7n h\u00e0nh phi c\u00f3 \u0111\u1ea1m, c\u00f3 b\u00e9o, c\u00f3 \u0111\u01b0\u1eddng v\u00e0 c\u00f3 c\u1ea3 m\u1ed9t s\u1ed1 lo\u1ea1i vitamin&#8230; Khi \u0103n, nh\u1eefng l\u00e1t h\u00e0nh phi t\u00e1c \u0111\u1ed9ng \u0111\u1ebfn 5 gi\u00e1c quan con ng\u01b0\u1eddi.<br \/>\nH\u00e0nh phi c\u1ee7a ch\u00fang t\u00f4i lu\u00f4n \u0111\u1ea3m b\u1ea3o c\u00e1c ti\u00eau ch\u00ed:<br \/>\n<strong>S\u1ea1ch<\/strong><br \/>\n\u0110\u1ea3m b\u1ea3o h\u00e0nh t\u01b0\u01a1i ngon, s\u1ea1ch. H\u00e0nh \u0111\u00fang ch\u1ea5t l\u01b0\u1ee3ng y\u00eau c\u1ea7u theo t\u1eebng y\u1ebfu t\u1ed1 th\u00e0nh ph\u1ea9m.<br \/>\n<strong>100% h\u00e0nh t\u00edm<\/strong><br \/>\nCh\u00fang t\u00f4i \u0111\u1ea3m b\u1ea3o nguy\u00ean li\u1ec7u 100% l\u00e0 h\u00e0nh t\u00edm \u0111\u1ec3 ch\u1ea5t l\u01b0\u1ee3ng s\u1ea3n ph\u1ea9m t\u1ed1i \u01b0u nh\u1ea5t.<br \/>\n<strong>D\u1ea7u chi\u00ean ch\u1ea5t l\u01b0\u1ee3ng<\/strong><br \/>\n\u0110\u1ed9 ngon c\u1ee7a h\u00e0nh phi ph\u1ee5 thu\u1ed9c v\u00e0o d\u1ea7u chi\u00ean \u0111\u1ee7 ch\u1ea5t l\u01b0\u1ee3ng hay kh\u00f4ng. Ch\u00fang t\u00f4i lu\u00f4n ch\u1ecdn lo\u1ea1i d\u1ea7u \u0111\u1ea3m b\u1ea3o an to\u00e0n nh\u1ea5t.<br \/>\n<strong>Gi\u00e1 r\u1ebb<\/strong><br \/>\nCh\u00fang t\u00f4i \u0111\u1ea3m b\u1ea3o gi\u00e1 b\u00e1n r\u1ebb nh\u1ea5t theo \u0111\u00fang ti\u00eau ch\u00ed ch\u1ea5t l\u01b0\u1ee3ng s\u1ea3n ph\u1ea9m c\u1ee7a ch\u00fang t\u00f4i.<\/p>\n<div id=\"haiti-3340903761\" class=\"haiti-sau-noi-dung\"><p><a class=\"tag-cloud-link tag-link-51 tag-link-position-1\" href=\"https:\/\/www.haitienco.com\/bachhoa\/tu-khoa-san-pham\/bo-kho-sot-vang\/\" aria-label=\"bo kho sot vang (1 s\u1ea3n ph\u1ea9m)\">bo kho sot vang<\/a> <a class=\"tag-cloud-link tag-link-89 tag-link-position-2\" href=\"https:\/\/www.haitienco.com\/bachhoa\/tu-khoa-san-pham\/bo-sung-canxi\/\" aria-label=\"bo sung canxi (3 s\u1ea3n ph\u1ea9m)\">bo sung canxi<\/a> <a class=\"tag-cloud-link tag-link-93 tag-link-position-3\" href=\"https:\/\/www.haitienco.com\/bachhoa\/tu-khoa-san-pham\/bo-sung-dich-khop\/\" aria-label=\"bo sung dich khop (1 s\u1ea3n ph\u1ea9m)\">bo sung dich khop<\/a> <a class=\"tag-cloud-link tag-link-95 tag-link-position-4\" href=\"https:\/\/www.haitienco.com\/bachhoa\/tu-khoa-san-pham\/bo-sung-suc-khoe\/\" aria-label=\"bo sung suc khoe (17 s\u1ea3n ph\u1ea9m)\">bo sung suc khoe<\/a> <a class=\"tag-cloud-link tag-link-49 tag-link-position-5\" href=\"https:\/\/www.haitienco.com\/bachhoa\/tu-khoa-san-pham\/bot-lam-banh\/\" aria-label=\"bot lam banh (1 s\u1ea3n ph\u1ea9m)\">bot lam banh<\/a> <a class=\"tag-cloud-link tag-link-50 tag-link-position-6\" href=\"https:\/\/www.haitienco.com\/bachhoa\/tu-khoa-san-pham\/bot-nang\/\" aria-label=\"bot nang (1 s\u1ea3n ph\u1ea9m)\">bot nang<\/a> <a class=\"tag-cloud-link tag-link-77 tag-link-position-7\" href=\"https:\/\/www.haitienco.com\/bachhoa\/tu-khoa-san-pham\/bang-dinh-ca-nhan\/\" aria-label=\"b\u0103ng d\u00ednh c\u00e1 nh\u00e2n (1 s\u1ea3n ph\u1ea9m)\">b\u0103ng d\u00ednh c\u00e1 nh\u00e2n<\/a> <a class=\"tag-cloud-link tag-link-90 tag-link-position-8\" href=\"https:\/\/www.haitienco.com\/bachhoa\/tu-khoa-san-pham\/caxi-nano\/\" aria-label=\"caxi nano (1 s\u1ea3n ph\u1ea9m)\">caxi nano<\/a> <a class=\"tag-cloud-link tag-link-66 tag-link-position-9\" href=\"https:\/\/www.haitienco.com\/bachhoa\/tu-khoa-san-pham\/cham-soc-suc-khoe\/\" aria-label=\"cham soc suc khoe (35 s\u1ea3n ph\u1ea9m)\">cham soc suc khoe<\/a> <a class=\"tag-cloud-link tag-link-28 tag-link-position-10\" href=\"https:\/\/www.haitienco.com\/bachhoa\/tu-khoa-san-pham\/chi-phi-re-nhat\/\" aria-label=\"chi ph\u00ed r\u1ebb nh\u1ea5t (44 s\u1ea3n ph\u1ea9m)\">chi ph\u00ed r\u1ebb nh\u1ea5t<\/a> <a class=\"tag-cloud-link tag-link-84 tag-link-position-11\" href=\"https:\/\/www.haitienco.com\/bachhoa\/tu-khoa-san-pham\/chong-mat-nuoc\/\" aria-label=\"ch\u1ed1ng m\u1ea5t n\u01b0\u1edbc (1 s\u1ea3n ph\u1ea9m)\">ch\u1ed1ng m\u1ea5t n\u01b0\u1edbc<\/a> <a class=\"tag-cloud-link tag-link-150 tag-link-position-12\" href=\"https:\/\/www.haitienco.com\/bachhoa\/tu-khoa-san-pham\/dau-goi-duoc-lieu\/\" aria-label=\"dau goi duoc lieu (2 s\u1ea3n ph\u1ea9m)\">dau goi duoc lieu<\/a> <a class=\"tag-cloud-link tag-link-72 tag-link-position-13\" href=\"https:\/\/www.haitienco.com\/bachhoa\/tu-khoa-san-pham\/den-lay-ray-tai\/\" aria-label=\"den lay ray tai (1 s\u1ea3n ph\u1ea9m)\">den lay ray tai<\/a> <a class=\"tag-cloud-link tag-link-73 tag-link-position-14\" href=\"https:\/\/www.haitienco.com\/bachhoa\/tu-khoa-san-pham\/dung-cu-hut-mui\/\" aria-label=\"dung cu hut mui (1 s\u1ea3n ph\u1ea9m)\">dung cu hut mui<\/a> <a class=\"tag-cloud-link tag-link-139 tag-link-position-15\" href=\"https:\/\/www.haitienco.com\/bachhoa\/tu-khoa-san-pham\/dung-dich-ve-sinh\/\" aria-label=\"dung dich ve sinh (4 s\u1ea3n ph\u1ea9m)\">dung dich ve sinh<\/a> <a class=\"tag-cloud-link tag-link-74 tag-link-position-16\" href=\"https:\/\/www.haitienco.com\/bachhoa\/tu-khoa-san-pham\/dung-cu-hut-sua-cam-tay\/\" aria-label=\"d\u1ee5ng c\u1ee5 h\u00fat s\u1eefa c\u1ea7m tay (1 s\u1ea3n ph\u1ea9m)\">d\u1ee5ng c\u1ee5 h\u00fat s\u1eefa c\u1ea7m tay<\/a> <a class=\"tag-cloud-link tag-link-94 tag-link-position-17\" href=\"https:\/\/www.haitienco.com\/bachhoa\/tu-khoa-san-pham\/giai-doc-gan\/\" aria-label=\"giai doc gan (1 s\u1ea3n ph\u1ea9m)\">giai doc gan<\/a> <a class=\"tag-cloud-link tag-link-81 tag-link-position-18\" href=\"https:\/\/www.haitienco.com\/bachhoa\/tu-khoa-san-pham\/giai-doc-ruou\/\" aria-label=\"giai doc ruou (1 s\u1ea3n ph\u1ea9m)\">giai doc ruou<\/a> <a class=\"tag-cloud-link tag-link-38 tag-link-position-19\" href=\"https:\/\/www.haitienco.com\/bachhoa\/tu-khoa-san-pham\/gia-vi\/\" aria-label=\"gia vi (3 s\u1ea3n ph\u1ea9m)\">gia vi<\/a> <a class=\"tag-cloud-link tag-link-100 tag-link-position-20\" href=\"https:\/\/www.haitienco.com\/bachhoa\/tu-khoa-san-pham\/glucosamin\/\" aria-label=\"glucosamin (1 s\u1ea3n ph\u1ea9m)\">glucosamin<\/a> <a class=\"tag-cloud-link tag-link-70 tag-link-position-21\" href=\"https:\/\/www.haitienco.com\/bachhoa\/tu-khoa-san-pham\/ho-khan\/\" aria-label=\"ho khan (1 s\u1ea3n ph\u1ea9m)\">ho khan<\/a> <a class=\"tag-cloud-link tag-link-69 tag-link-position-22\" href=\"https:\/\/www.haitienco.com\/bachhoa\/tu-khoa-san-pham\/ho-lanh\/\" aria-label=\"ho l\u1ea1nh (1 s\u1ea3n ph\u1ea9m)\">ho l\u1ea1nh<\/a> <a class=\"tag-cloud-link tag-link-25 tag-link-position-23\" href=\"https:\/\/www.haitienco.com\/bachhoa\/tu-khoa-san-pham\/hanh-kho\/\" aria-label=\"h\u00e0nh kh\u00f4 (1 s\u1ea3n ph\u1ea9m)\">h\u00e0nh kh\u00f4<\/a> <a class=\"tag-cloud-link tag-link-27 tag-link-position-24\" href=\"https:\/\/www.haitienco.com\/bachhoa\/tu-khoa-san-pham\/hanh-toi-tot-nhat\/\" aria-label=\"h\u00e0nh t\u1ecfi t\u1ed1t nh\u1ea5t (1 s\u1ea3n ph\u1ea9m)\">h\u00e0nh t\u1ecfi t\u1ed1t nh\u1ea5t<\/a> <a class=\"tag-cloud-link tag-link-159 tag-link-position-25\" href=\"https:\/\/www.haitienco.com\/bachhoa\/tu-khoa-san-pham\/khau-trang-khang-khuan\/\" aria-label=\"khau trang khang khuan (2 s\u1ea3n ph\u1ea9m)\">khau trang khang khuan<\/a> <a class=\"tag-cloud-link tag-link-158 tag-link-position-26\" href=\"https:\/\/www.haitienco.com\/bachhoa\/tu-khoa-san-pham\/khau-trang-y-te\/\" aria-label=\"khau trang y te (2 s\u1ea3n ph\u1ea9m)\">khau trang y te<\/a> <a class=\"tag-cloud-link tag-link-26 tag-link-position-27\" href=\"https:\/\/www.haitienco.com\/bachhoa\/tu-khoa-san-pham\/kinh-mon-hai-duong\/\" aria-label=\"kinh m\u00f4n h\u1ea3i d\u01b0\u01a1ng (1 s\u1ea3n ph\u1ea9m)\">kinh m\u00f4n h\u1ea3i d\u01b0\u01a1ng<\/a> <a class=\"tag-cloud-link tag-link-71 tag-link-position-28\" href=\"https:\/\/www.haitienco.com\/bachhoa\/tu-khoa-san-pham\/lay-ray-tai\/\" aria-label=\"lay ray tai (1 s\u1ea3n ph\u1ea9m)\">lay ray tai<\/a> <a class=\"tag-cloud-link tag-link-78 tag-link-position-29\" href=\"https:\/\/www.haitienco.com\/bachhoa\/tu-khoa-san-pham\/mieng-dan-urgo\/\" aria-label=\"mi\u1ebfng d\u00e1n Urgo (1 s\u1ea3n ph\u1ea9m)\">mi\u1ebfng d\u00e1n Urgo<\/a> <a class=\"tag-cloud-link tag-link-68 tag-link-position-30\" href=\"https:\/\/www.haitienco.com\/bachhoa\/tu-khoa-san-pham\/mat-phoi\/\" aria-label=\"m\u00e1t ph\u1ed5i (1 s\u1ea3n ph\u1ea9m)\">m\u00e1t ph\u1ed5i<\/a> <a class=\"tag-cloud-link tag-link-36 tag-link-position-31\" href=\"https:\/\/www.haitienco.com\/bachhoa\/tu-khoa-san-pham\/nong-san-que\/\" aria-label=\"nong san que (1 s\u1ea3n ph\u1ea9m)\">nong san que<\/a> <a class=\"tag-cloud-link tag-link-83 tag-link-position-32\" href=\"https:\/\/www.haitienco.com\/bachhoa\/tu-khoa-san-pham\/nuoc-bu-dien-giai\/\" aria-label=\"nuoc bu dien giai (1 s\u1ea3n ph\u1ea9m)\">nuoc bu dien giai<\/a> <a class=\"tag-cloud-link tag-link-153 tag-link-position-33\" href=\"https:\/\/www.haitienco.com\/bachhoa\/tu-khoa-san-pham\/nuoc-suc-mieng\/\" aria-label=\"nuoc suc mieng (2 s\u1ea3n ph\u1ea9m)\">nuoc suc mieng<\/a> <a class=\"tag-cloud-link tag-link-189 tag-link-position-34\" href=\"https:\/\/www.haitienco.com\/bachhoa\/tu-khoa-san-pham\/pinggo\/\" aria-label=\"pinggo (2 s\u1ea3n ph\u1ea9m)\">pinggo<\/a> <a class=\"tag-cloud-link tag-link-116 tag-link-position-35\" href=\"https:\/\/www.haitienco.com\/bachhoa\/tu-khoa-san-pham\/que-thu-thai\/\" aria-label=\"que thu thai (2 s\u1ea3n ph\u1ea9m)\">que thu thai<\/a> <a class=\"tag-cloud-link tag-link-79 tag-link-position-36\" href=\"https:\/\/www.haitienco.com\/bachhoa\/tu-khoa-san-pham\/sua-tam-tay-thi\/\" aria-label=\"sua tam tay thi (1 s\u1ea3n ph\u1ea9m)\">sua tam tay thi<\/a> <a class=\"tag-cloud-link tag-link-40 tag-link-position-37\" href=\"https:\/\/www.haitienco.com\/bachhoa\/tu-khoa-san-pham\/suong-sao-thao-moc\/\" aria-label=\"suong sao thao moc (1 s\u1ea3n ph\u1ea9m)\">suong sao thao moc<\/a> <a class=\"tag-cloud-link tag-link-96 tag-link-position-38\" href=\"https:\/\/www.haitienco.com\/bachhoa\/tu-khoa-san-pham\/tang-noi-tiet-to-nu\/\" aria-label=\"tang noi tiet to nu (1 s\u1ea3n ph\u1ea9m)\">tang noi tiet to nu<\/a> <a class=\"tag-cloud-link tag-link-98 tag-link-position-39\" href=\"https:\/\/www.haitienco.com\/bachhoa\/tu-khoa-san-pham\/tang-suc-de-khang\/\" aria-label=\"tang suc de khang (21 s\u1ea3n ph\u1ea9m)\">tang suc de khang<\/a> <a class=\"tag-cloud-link tag-link-151 tag-link-position-40\" href=\"https:\/\/www.haitienco.com\/bachhoa\/tu-khoa-san-pham\/thai-duong\/\" aria-label=\"thai duong (3 s\u1ea3n ph\u1ea9m)\">thai duong<\/a> <a class=\"tag-cloud-link tag-link-102 tag-link-position-41\" href=\"https:\/\/www.haitienco.com\/bachhoa\/tu-khoa-san-pham\/thanh-nhiet-mat-gan\/\" aria-label=\"thanh nhiet mat gan (4 s\u1ea3n ph\u1ea9m)\">thanh nhiet mat gan<\/a> <a class=\"tag-cloud-link tag-link-101 tag-link-position-42\" href=\"https:\/\/www.haitienco.com\/bachhoa\/tu-khoa-san-pham\/tieu-doc\/\" aria-label=\"tieu doc (6 s\u1ea3n ph\u1ea9m)\">tieu doc<\/a> <a class=\"tag-cloud-link tag-link-67 tag-link-position-43\" href=\"https:\/\/www.haitienco.com\/bachhoa\/tu-khoa-san-pham\/vat-tu-y-te\/\" aria-label=\"vat tu y te (28 s\u1ea3n ph\u1ea9m)\">vat tu y te<\/a> <a class=\"tag-cloud-link tag-link-92 tag-link-position-44\" href=\"https:\/\/www.haitienco.com\/bachhoa\/tu-khoa-san-pham\/visglutin-dc\/\" aria-label=\"visglutin dc (1 s\u1ea3n ph\u1ea9m)\">visglutin dc<\/a> <a class=\"tag-cloud-link tag-link-97 tag-link-position-45\" href=\"https:\/\/www.haitienco.com\/bachhoa\/tu-khoa-san-pham\/vitamin-e\/\" aria-label=\"vitamin e (1 s\u1ea3n ph\u1ea9m)\">vitamin e<\/a><\/p>\n<\/div>","protected":false},"excerpt":{"rendered":"<p>H\u00e0nh phi l\u00e0 m\u1ed9t trong nh\u1eefng lo\u1ea1i gia v\u1ecb dinh d\u01b0\u1ee1ng trong th\u00e0nh ph\u1ea7n h\u00e0nh phi c\u00f3 \u0111\u1ea1m, c\u00f3 b\u00e9o, c\u00f3 \u0111\u01b0\u1eddng v\u00e0 c\u00f3 c\u1ea3 m\u1ed9t s\u1ed1 lo\u1ea1i vitamin&#8230; Khi \u0103n, nh\u1eefng l\u00e1t h\u00e0nh phi t\u00e1c \u0111\u1ed9ng \u0111\u1ebfn 5 gi\u00e1c quan con ng\u01b0\u1eddi.<\/p>\n","protected":false},"featured_media":395,"comment_status":"open","ping_status":"closed","template":"","meta":{"jetpack_post_was_ever_published":false,"jetpack_publicize_message":"H\u00e0nh phi s\u1eb5n","jetpack_publicize_feature_enabled":true,"jetpack_social_post_already_shared":true,"jetpack_social_options":{"image_generator_settings":{"template":"highway","default_image_id":0,"font":"","enabled":false},"version":2}},"product_brand":[],"product_cat":[22,39,23],"product_tag":[95,66,28,166],"class_list":{"0":"post-393","1":"product","2":"type-product","3":"status-publish","4":"has-post-thumbnail","6":"product_cat-bach-hoa-tong-hop-online","7":"product_cat-do-che-bien-san","8":"product_cat-nguyen-lieu-nau-an","9":"product_tag-bo-sung-suc-khoe","10":"product_tag-cham-soc-suc-khoe","11":"product_tag-chi-phi-re-nhat","12":"product_tag-hanh-phi-san","13":"pa_khoi-luong-dong-goi-01kg","14":"pa_khoi-luong-dong-goi-500gr","15":"pa_noi-xuat-xu-tu-lam","17":"first","18":"instock","19":"shipping-taxable","20":"purchasable","21":"product-type-variable"},"yoast_head":"<!-- This site is optimized with the Yoast SEO plugin v27.1.1 - https:\/\/yoast.com\/product\/yoast-seo-wordpress\/ -->\n<title>H\u00e0nh phi s\u1eb5n - B\u00e1ch h\u00f3a H\u1ea3i Ti\u1ebfn<\/title>\n<meta name=\"description\" content=\"B\u00e1ch h\u00f3a H\u1ea3i Ti\u1ebfn H\u00e0nh phi s\u1eb5n - , bach hoa tin nghia, b\u00e1ch h\u00f3a t\u00edn ngh\u0129a, nong san nha que, do que, \u0111\u1ed3 qu\u00ea, hai san, h\u1ea3i s\u1ea3n, di cho ho, \u0111i ch\u1ee3 h\u1ed9, cho mua covid, ch\u1ee3 m\u00f9a covid, ch\u1ee3 online\" \/>\n<meta name=\"robots\" content=\"index, follow, max-snippet:-1, max-image-preview:large, max-video-preview:-1\" \/>\n<link rel=\"canonical\" href=\"https:\/\/www.haitienco.com\/bachhoa\/cua-hang\/bach-hoa-tong-hop-online\/nguyen-lieu-nau-an\/hanh-phi-san\/\" \/>\n<meta property=\"og:locale\" content=\"vi_VN\" \/>\n<meta property=\"og:type\" content=\"article\" \/>\n<meta property=\"og:title\" content=\"H\u00e0nh phi s\u1eb5n - B\u00e1ch h\u00f3a H\u1ea3i Ti\u1ebfn\" \/>\n<meta property=\"og:description\" content=\"B\u00e1ch h\u00f3a H\u1ea3i Ti\u1ebfn H\u00e0nh phi s\u1eb5n - , bach hoa tin nghia, b\u00e1ch h\u00f3a t\u00edn ngh\u0129a, nong san nha que, do que, \u0111\u1ed3 qu\u00ea, hai san, h\u1ea3i s\u1ea3n, di cho ho, \u0111i ch\u1ee3 h\u1ed9, cho mua covid, ch\u1ee3 m\u00f9a covid, ch\u1ee3 online\" \/>\n<meta property=\"og:url\" content=\"https:\/\/www.haitienco.com\/bachhoa\/cua-hang\/bach-hoa-tong-hop-online\/nguyen-lieu-nau-an\/hanh-phi-san\/\" \/>\n<meta property=\"og:site_name\" content=\"B\u00e1ch h\u00f3a H\u1ea3i Ti\u1ebfn\" \/>\n<meta property=\"article:publisher\" content=\"https:\/\/www.facebook.com\/dntinnghia\/\" \/>\n<meta property=\"article:modified_time\" content=\"2022-02-19T11:21:34+00:00\" \/>\n<meta property=\"og:image\" content=\"https:\/\/www.haitienco.com\/bachhoa\/wp-content\/uploads\/sites\/3\/2021\/10\/Hanh-phi-san-0.jpg\" \/>\n\t<meta property=\"og:image:width\" content=\"384\" \/>\n\t<meta property=\"og:image:height\" content=\"384\" \/>\n\t<meta property=\"og:image:type\" content=\"image\/jpeg\" \/>\n<meta name=\"twitter:card\" content=\"summary_large_image\" \/>\n<meta name=\"twitter:label1\" content=\"\u01af\u1edbc t\u00ednh th\u1eddi gian \u0111\u1ecdc\" \/>\n\t<meta name=\"twitter:data1\" content=\"1 ph\u00fat\" \/>\n<script type=\"application\/ld+json\" class=\"yoast-schema-graph\">{\"@context\":\"https:\/\/schema.org\",\"@graph\":[{\"@type\":\"WebPage\",\"@id\":\"https:\/\/www.haitienco.com\/bachhoa\/cua-hang\/bach-hoa-tong-hop-online\/nguyen-lieu-nau-an\/hanh-phi-san\/\",\"url\":\"https:\/\/www.haitienco.com\/bachhoa\/cua-hang\/bach-hoa-tong-hop-online\/nguyen-lieu-nau-an\/hanh-phi-san\/\",\"name\":\"H\u00e0nh phi s\u1eb5n - B\u00e1ch h\u00f3a H\u1ea3i Ti\u1ebfn\",\"isPartOf\":{\"@id\":\"https:\/\/www.haitienco.com\/bachhoa\/#website\"},\"primaryImageOfPage\":{\"@id\":\"https:\/\/www.haitienco.com\/bachhoa\/cua-hang\/bach-hoa-tong-hop-online\/nguyen-lieu-nau-an\/hanh-phi-san\/#primaryimage\"},\"image\":{\"@id\":\"https:\/\/www.haitienco.com\/bachhoa\/cua-hang\/bach-hoa-tong-hop-online\/nguyen-lieu-nau-an\/hanh-phi-san\/#primaryimage\"},\"thumbnailUrl\":\"https:\/\/i0.wp.com\/www.haitienco.com\/bachhoa\/wp-content\/uploads\/sites\/3\/2021\/10\/Hanh-phi-san-0.jpg?fit=384%2C384&ssl=1\",\"datePublished\":\"2021-10-20T15:04:57+00:00\",\"dateModified\":\"2022-02-19T11:21:34+00:00\",\"description\":\"B\u00e1ch h\u00f3a H\u1ea3i Ti\u1ebfn H\u00e0nh phi s\u1eb5n - , bach hoa tin nghia, b\u00e1ch h\u00f3a t\u00edn ngh\u0129a, nong san nha que, do que, \u0111\u1ed3 qu\u00ea, hai san, h\u1ea3i s\u1ea3n, di cho ho, \u0111i ch\u1ee3 h\u1ed9, cho mua covid, ch\u1ee3 m\u00f9a covid, ch\u1ee3 online\",\"breadcrumb\":{\"@id\":\"https:\/\/www.haitienco.com\/bachhoa\/cua-hang\/bach-hoa-tong-hop-online\/nguyen-lieu-nau-an\/hanh-phi-san\/#breadcrumb\"},\"inLanguage\":\"vi\",\"potentialAction\":[{\"@type\":\"ReadAction\",\"target\":[\"https:\/\/www.haitienco.com\/bachhoa\/cua-hang\/bach-hoa-tong-hop-online\/nguyen-lieu-nau-an\/hanh-phi-san\/\"]}]},{\"@type\":\"ImageObject\",\"inLanguage\":\"vi\",\"@id\":\"https:\/\/www.haitienco.com\/bachhoa\/cua-hang\/bach-hoa-tong-hop-online\/nguyen-lieu-nau-an\/hanh-phi-san\/#primaryimage\",\"url\":\"https:\/\/i0.wp.com\/www.haitienco.com\/bachhoa\/wp-content\/uploads\/sites\/3\/2021\/10\/Hanh-phi-san-0.jpg?fit=384%2C384&ssl=1\",\"contentUrl\":\"https:\/\/i0.wp.com\/www.haitienco.com\/bachhoa\/wp-content\/uploads\/sites\/3\/2021\/10\/Hanh-phi-san-0.jpg?fit=384%2C384&ssl=1\",\"width\":384,\"height\":384},{\"@type\":\"BreadcrumbList\",\"@id\":\"https:\/\/www.haitienco.com\/bachhoa\/cua-hang\/bach-hoa-tong-hop-online\/nguyen-lieu-nau-an\/hanh-phi-san\/#breadcrumb\",\"itemListElement\":[{\"@type\":\"ListItem\",\"position\":1,\"name\":\"Trang ch\u1ee7\",\"item\":\"https:\/\/www.haitienco.com\/bachhoa\/\"},{\"@type\":\"ListItem\",\"position\":2,\"name\":\"B\u00e1ch h\u00f3a T\u00edn Ngh\u0129a\",\"item\":\"https:\/\/www.haitienco.com\/bachhoa\/\"},{\"@type\":\"ListItem\",\"position\":3,\"name\":\"B\u00e1ch h\u00f3a\",\"item\":\"https:\/\/www.haitienco.com\/bachhoa\/danh-muc-san-pham\/bach-hoa-tong-hop-online\/\"},{\"@type\":\"ListItem\",\"position\":4,\"name\":\"\u0110\u1ed3 ch\u1ebf bi\u1ebfn s\u1eb5n\",\"item\":\"https:\/\/www.haitienco.com\/bachhoa\/danh-muc-san-pham\/bach-hoa-tong-hop-online\/do-che-bien-san\/\"},{\"@type\":\"ListItem\",\"position\":5,\"name\":\"H\u00e0nh phi s\u1eb5n\"}]},{\"@type\":\"WebSite\",\"@id\":\"https:\/\/www.haitienco.com\/bachhoa\/#website\",\"url\":\"https:\/\/www.haitienco.com\/bachhoa\/\",\"name\":\"B\u00e1ch h\u00f3a H\u1ea3i Ti\u1ebfn\",\"description\":\"Ph\u1ee5c v\u1ee5 m\u1ecdi nhu c\u1ea7u c\u1ee7a b\u1ea1n, b\u00e1n l\u1ebb r\u1ebb nh\u01b0 b\u00e1n bu\u00f4n\",\"publisher\":{\"@id\":\"https:\/\/www.haitienco.com\/bachhoa\/#organization\"},\"potentialAction\":[{\"@type\":\"SearchAction\",\"target\":{\"@type\":\"EntryPoint\",\"urlTemplate\":\"https:\/\/www.haitienco.com\/bachhoa\/?s={search_term_string}\"},\"query-input\":{\"@type\":\"PropertyValueSpecification\",\"valueRequired\":true,\"valueName\":\"search_term_string\"}}],\"inLanguage\":\"vi\"},{\"@type\":\"Organization\",\"@id\":\"https:\/\/www.haitienco.com\/bachhoa\/#organization\",\"name\":\"TINNGHIACO\",\"url\":\"https:\/\/www.haitienco.com\/bachhoa\/\",\"logo\":{\"@type\":\"ImageObject\",\"inLanguage\":\"vi\",\"@id\":\"https:\/\/www.haitienco.com\/bachhoa\/#\/schema\/logo\/image\/\",\"url\":\"https:\/\/bachhoa.haitienco.com\/wp-content\/uploads\/sites\/3\/2021\/09\/545x512.jpg\",\"contentUrl\":\"https:\/\/bachhoa.haitienco.com\/wp-content\/uploads\/sites\/3\/2021\/09\/545x512.jpg\",\"width\":545,\"height\":512,\"caption\":\"TINNGHIACO\"},\"image\":{\"@id\":\"https:\/\/www.haitienco.com\/bachhoa\/#\/schema\/logo\/image\/\"},\"sameAs\":[\"https:\/\/www.facebook.com\/dntinnghia\/\",\"https:\/\/www.youtube.com\/channel\/UCFoiED6OJc-Q9k0rrI9ly5g\"]}]}<\/script>\n<!-- \/ Yoast SEO plugin. -->","yoast_head_json":{"title":"H\u00e0nh phi s\u1eb5n - B\u00e1ch h\u00f3a H\u1ea3i Ti\u1ebfn","description":"B\u00e1ch h\u00f3a H\u1ea3i Ti\u1ebfn H\u00e0nh phi s\u1eb5n - , bach hoa tin nghia, b\u00e1ch h\u00f3a t\u00edn ngh\u0129a, nong san nha que, do que, \u0111\u1ed3 qu\u00ea, hai san, h\u1ea3i s\u1ea3n, di cho ho, \u0111i ch\u1ee3 h\u1ed9, cho mua covid, ch\u1ee3 m\u00f9a covid, ch\u1ee3 online","robots":{"index":"index","follow":"follow","max-snippet":"max-snippet:-1","max-image-preview":"max-image-preview:large","max-video-preview":"max-video-preview:-1"},"canonical":"https:\/\/www.haitienco.com\/bachhoa\/cua-hang\/bach-hoa-tong-hop-online\/nguyen-lieu-nau-an\/hanh-phi-san\/","og_locale":"vi_VN","og_type":"article","og_title":"H\u00e0nh phi s\u1eb5n - B\u00e1ch h\u00f3a H\u1ea3i Ti\u1ebfn","og_description":"B\u00e1ch h\u00f3a H\u1ea3i Ti\u1ebfn H\u00e0nh phi s\u1eb5n - , bach hoa tin nghia, b\u00e1ch h\u00f3a t\u00edn ngh\u0129a, nong san nha que, do que, \u0111\u1ed3 qu\u00ea, hai san, h\u1ea3i s\u1ea3n, di cho ho, \u0111i ch\u1ee3 h\u1ed9, cho mua covid, ch\u1ee3 m\u00f9a covid, ch\u1ee3 online","og_url":"https:\/\/www.haitienco.com\/bachhoa\/cua-hang\/bach-hoa-tong-hop-online\/nguyen-lieu-nau-an\/hanh-phi-san\/","og_site_name":"B\u00e1ch h\u00f3a H\u1ea3i Ti\u1ebfn","article_publisher":"https:\/\/www.facebook.com\/dntinnghia\/","article_modified_time":"2022-02-19T11:21:34+00:00","og_image":[{"width":384,"height":384,"url":"https:\/\/www.haitienco.com\/bachhoa\/wp-content\/uploads\/sites\/3\/2021\/10\/Hanh-phi-san-0.jpg","type":"image\/jpeg"}],"twitter_card":"summary_large_image","twitter_misc":{"\u01af\u1edbc t\u00ednh th\u1eddi gian \u0111\u1ecdc":"1 ph\u00fat"},"schema":{"@context":"https:\/\/schema.org","@graph":[{"@type":"WebPage","@id":"https:\/\/www.haitienco.com\/bachhoa\/cua-hang\/bach-hoa-tong-hop-online\/nguyen-lieu-nau-an\/hanh-phi-san\/","url":"https:\/\/www.haitienco.com\/bachhoa\/cua-hang\/bach-hoa-tong-hop-online\/nguyen-lieu-nau-an\/hanh-phi-san\/","name":"H\u00e0nh phi s\u1eb5n - B\u00e1ch h\u00f3a H\u1ea3i Ti\u1ebfn","isPartOf":{"@id":"https:\/\/www.haitienco.com\/bachhoa\/#website"},"primaryImageOfPage":{"@id":"https:\/\/www.haitienco.com\/bachhoa\/cua-hang\/bach-hoa-tong-hop-online\/nguyen-lieu-nau-an\/hanh-phi-san\/#primaryimage"},"image":{"@id":"https:\/\/www.haitienco.com\/bachhoa\/cua-hang\/bach-hoa-tong-hop-online\/nguyen-lieu-nau-an\/hanh-phi-san\/#primaryimage"},"thumbnailUrl":"https:\/\/i0.wp.com\/www.haitienco.com\/bachhoa\/wp-content\/uploads\/sites\/3\/2021\/10\/Hanh-phi-san-0.jpg?fit=384%2C384&ssl=1","datePublished":"2021-10-20T15:04:57+00:00","dateModified":"2022-02-19T11:21:34+00:00","description":"B\u00e1ch h\u00f3a H\u1ea3i Ti\u1ebfn H\u00e0nh phi s\u1eb5n - , bach hoa tin nghia, b\u00e1ch h\u00f3a t\u00edn ngh\u0129a, nong san nha que, do que, \u0111\u1ed3 qu\u00ea, hai san, h\u1ea3i s\u1ea3n, di cho ho, \u0111i ch\u1ee3 h\u1ed9, cho mua covid, ch\u1ee3 m\u00f9a covid, ch\u1ee3 online","breadcrumb":{"@id":"https:\/\/www.haitienco.com\/bachhoa\/cua-hang\/bach-hoa-tong-hop-online\/nguyen-lieu-nau-an\/hanh-phi-san\/#breadcrumb"},"inLanguage":"vi","potentialAction":[{"@type":"ReadAction","target":["https:\/\/www.haitienco.com\/bachhoa\/cua-hang\/bach-hoa-tong-hop-online\/nguyen-lieu-nau-an\/hanh-phi-san\/"]}]},{"@type":"ImageObject","inLanguage":"vi","@id":"https:\/\/www.haitienco.com\/bachhoa\/cua-hang\/bach-hoa-tong-hop-online\/nguyen-lieu-nau-an\/hanh-phi-san\/#primaryimage","url":"https:\/\/i0.wp.com\/www.haitienco.com\/bachhoa\/wp-content\/uploads\/sites\/3\/2021\/10\/Hanh-phi-san-0.jpg?fit=384%2C384&ssl=1","contentUrl":"https:\/\/i0.wp.com\/www.haitienco.com\/bachhoa\/wp-content\/uploads\/sites\/3\/2021\/10\/Hanh-phi-san-0.jpg?fit=384%2C384&ssl=1","width":384,"height":384},{"@type":"BreadcrumbList","@id":"https:\/\/www.haitienco.com\/bachhoa\/cua-hang\/bach-hoa-tong-hop-online\/nguyen-lieu-nau-an\/hanh-phi-san\/#breadcrumb","itemListElement":[{"@type":"ListItem","position":1,"name":"Trang ch\u1ee7","item":"https:\/\/www.haitienco.com\/bachhoa\/"},{"@type":"ListItem","position":2,"name":"B\u00e1ch h\u00f3a T\u00edn Ngh\u0129a","item":"https:\/\/www.haitienco.com\/bachhoa\/"},{"@type":"ListItem","position":3,"name":"B\u00e1ch h\u00f3a","item":"https:\/\/www.haitienco.com\/bachhoa\/danh-muc-san-pham\/bach-hoa-tong-hop-online\/"},{"@type":"ListItem","position":4,"name":"\u0110\u1ed3 ch\u1ebf bi\u1ebfn s\u1eb5n","item":"https:\/\/www.haitienco.com\/bachhoa\/danh-muc-san-pham\/bach-hoa-tong-hop-online\/do-che-bien-san\/"},{"@type":"ListItem","position":5,"name":"H\u00e0nh phi s\u1eb5n"}]},{"@type":"WebSite","@id":"https:\/\/www.haitienco.com\/bachhoa\/#website","url":"https:\/\/www.haitienco.com\/bachhoa\/","name":"B\u00e1ch h\u00f3a H\u1ea3i Ti\u1ebfn","description":"Ph\u1ee5c v\u1ee5 m\u1ecdi nhu c\u1ea7u c\u1ee7a b\u1ea1n, b\u00e1n l\u1ebb r\u1ebb nh\u01b0 b\u00e1n bu\u00f4n","publisher":{"@id":"https:\/\/www.haitienco.com\/bachhoa\/#organization"},"potentialAction":[{"@type":"SearchAction","target":{"@type":"EntryPoint","urlTemplate":"https:\/\/www.haitienco.com\/bachhoa\/?s={search_term_string}"},"query-input":{"@type":"PropertyValueSpecification","valueRequired":true,"valueName":"search_term_string"}}],"inLanguage":"vi"},{"@type":"Organization","@id":"https:\/\/www.haitienco.com\/bachhoa\/#organization","name":"TINNGHIACO","url":"https:\/\/www.haitienco.com\/bachhoa\/","logo":{"@type":"ImageObject","inLanguage":"vi","@id":"https:\/\/www.haitienco.com\/bachhoa\/#\/schema\/logo\/image\/","url":"https:\/\/bachhoa.haitienco.com\/wp-content\/uploads\/sites\/3\/2021\/09\/545x512.jpg","contentUrl":"https:\/\/bachhoa.haitienco.com\/wp-content\/uploads\/sites\/3\/2021\/09\/545x512.jpg","width":545,"height":512,"caption":"TINNGHIACO"},"image":{"@id":"https:\/\/www.haitienco.com\/bachhoa\/#\/schema\/logo\/image\/"},"sameAs":["https:\/\/www.facebook.com\/dntinnghia\/","https:\/\/www.youtube.com\/channel\/UCFoiED6OJc-Q9k0rrI9ly5g"]}]}},"jetpack_publicize_connections":[],"jetpack_sharing_enabled":true,"jetpack_likes_enabled":true,"_links":{"self":[{"href":"https:\/\/www.haitienco.com\/bachhoa\/wp-json\/wp\/v2\/product\/393","targetHints":{"allow":["GET"]}}],"collection":[{"href":"https:\/\/www.haitienco.com\/bachhoa\/wp-json\/wp\/v2\/product"}],"about":[{"href":"https:\/\/www.haitienco.com\/bachhoa\/wp-json\/wp\/v2\/types\/product"}],"replies":[{"embeddable":true,"href":"https:\/\/www.haitienco.com\/bachhoa\/wp-json\/wp\/v2\/comments?post=393"}],"wp:featuredmedia":[{"embeddable":true,"href":"https:\/\/www.haitienco.com\/bachhoa\/wp-json\/wp\/v2\/media\/395"}],"wp:attachment":[{"href":"https:\/\/www.haitienco.com\/bachhoa\/wp-json\/wp\/v2\/media?parent=393"}],"wp:term":[{"taxonomy":"product_brand","embeddable":true,"href":"https:\/\/www.haitienco.com\/bachhoa\/wp-json\/wp\/v2\/product_brand?post=393"},{"taxonomy":"product_cat","embeddable":true,"href":"https:\/\/www.haitienco.com\/bachhoa\/wp-json\/wp\/v2\/product_cat?post=393"},{"taxonomy":"product_tag","embeddable":true,"href":"https:\/\/www.haitienco.com\/bachhoa\/wp-json\/wp\/v2\/product_tag?post=393"}],"curies":[{"name":"wp","href":"https:\/\/api.w.org\/{rel}","templated":true}]}}